{"id":921,"date":"2025-07-23T14:55:13","date_gmt":"2025-07-23T17:55:13","guid":{"rendered":"https:\/\/casacivil.trindade.go.gov.br\/?page_id=921"},"modified":"2025-07-28T11:15:13","modified_gmt":"2025-07-28T14:15:13","slug":"teste","status":"publish","type":"page","link":"https:\/\/casacivil.trindade.go.gov.br\/?page_id=921","title":{"rendered":"Req-Ferias"},"content":{"rendered":"\t\t<div data-elementor-type=\"wp-page\" data-elementor-id=\"921\" class=\"elementor elementor-921\" data-elementor-post-type=\"page\">\n\t\t\t\t<div class=\"elementor-element elementor-element-b8b80f7 e-flex e-con-boxed e-con e-parent\" data-id=\"b8b80f7\" data-element_type=\"container\" data-e-type=\"container\">\n\t\t\t\t\t<div class=\"e-con-inner\">\n\t\t\t\t<div class=\"elementor-element elementor-element-37c6197 elementor-widget elementor-widget-jet-form-builder-form\" data-id=\"37c6197\" data-element_type=\"widget\" data-e-type=\"widget\" data-widget_type=\"jet-form-builder-form.default\">\n\t\t\t\t<div class=\"elementor-widget-container\">\n\t\t\t\t\t<link rel='stylesheet' id='wp-block-library-css' href='https:\/\/casacivil.trindade.go.gov.br\/wp-includes\/css\/dist\/block-library\/style.min.css?ver=6.9.4' media='all' \/>\n<style id=\"jet-form-builder-910-inline-css\"><\/style><form  class=\"jet-form-builder layout-column submit-type-ajax\" action=\"https:\/\/casacivil.trindade.go.gov.br\/?gGbe5A=oEZdb2Qefd&amp;method=reload\" method=\"POST\" data-form-id=\"910\" data-layout=\"column\" enctype=\"multipart\/form-data\" novalidate=\"null\" ssr_validation_method=\"rest\"><input type=\"hidden\" id=\"_wpnonce\" name=\"_wpnonce\" value=\"c958a8827f\" \/><input type=\"hidden\" name=\"_wp_http_referer\" value=\"\/index.php?rest_route=%2Fwp%2Fv2%2Fpages%2F921\" \/>\r\n<input type=\"hidden\" name=\"_jfb_current_render_states[]\" value=\"DEFAULT.STATE\" data-jfb-sync \/><input type=\"hidden\" class=\"jet-form-builder__field hidden-field\" name=\"_jet_engine_booking_form_id\" data-field-name=\"_jet_engine_booking_form_id\" value=\"910\">\n<input type=\"hidden\" class=\"jet-form-builder__field hidden-field\" name=\"_jet_engine_refer\" data-field-name=\"_jet_engine_refer\" value=\"https:\/\/casacivil.trindade.go.gov.br\/?rest_route=%2Fwp%2Fv2%2Fpages%2F921\">\n<input type=\"hidden\" class=\"jet-form-builder__field hidden-field\" name=\"__queried_post_id\" data-field-name=\"__queried_post_id\" value=\"921\">\n\n<input type=\"hidden\" class=\"jet-form-builder__field hidden-field\" name=\"post_id\" data-field-name=\"post_id\" data-jfb-sync=\"null\" value=\"921\">\n\n\n\n\n<p class=\"has-text-align-center has-text-color has-link-color wp-elements-38671ac09d551abf5ce4b665464979b1\" style=\"color:#0d2130;font-size:36px;font-style:normal;font-weight:700;line-height:3\">Requerimento de F\u00e9rias<\/p>\n\n\n\n<div class=\"wp-block-columns is-layout-flex wp-container-core-columns-is-layout-28f84493 wp-block-columns-is-layout-flex\">\n<div class=\"wp-block-column is-layout-flow wp-block-column-is-layout-flow\" style=\"text-transform:uppercase\"><div  class=\"jet-form-builder-row field-type-text-field\" >\n<div class=\"jet-form-builder__label\">\r\n<div class=\"jet-form-builder__label-text\">Nome <span class=\"jet-form-builder__required\">*<\/span><\/div><\/div><div class=\"jet-form-builder__field-wrap\">\n\t\t\t\t<input required=\"required\" name=\"_nome\" id=\"_nome\" type=\"text\" data-field-name=\"_nome\" class=\"jet-form-builder__field text-field\" data-jfb-sync=\"null\" autocomplete=\"off_wsBOyDtN\">\n\t\t\t\t\t<\/div>\n<\/div><\/div>\n\n\n\n<div class=\"wp-block-column is-layout-flow wp-block-column-is-layout-flow\"><div  class=\"jet-form-builder-row field-type-text-field\" >\n<div class=\"jet-form-builder__label\">\r\n<div class=\"jet-form-builder__label-text\">CPF <span class=\"jet-form-builder__required\">*<\/span><\/div><\/div><div class=\"jet-form-builder__field-wrap\">\n\t\t\t\t<input required=\"required\" name=\"_cpf\" id=\"_cpf\" type=\"text\" data-field-name=\"_cpf\" class=\"jet-form-builder__field text-field jet-form-builder__masked-field\" data-jfb-sync=\"null\" autocomplete=\"on\" data-inputmask=\"&#039;mask&#039;: &#039;999.999.999-99&#039;\" data-inputmask-placeholder=\"_\" data-inputmask-clearmaskonlostfocus=\"false\">\n\t\t\t\t\t<\/div>\n<\/div><\/div>\n<\/div>\n\n\n\n<div class=\"wp-block-columns is-layout-flex wp-container-core-columns-is-layout-28f84493 wp-block-columns-is-layout-flex\">\n<div class=\"wp-block-column is-layout-flow wp-block-column-is-layout-flow\"><div  class=\"jet-form-builder-row field-type-select-field wp-block-jet-forms-select-field\">\n<div class=\"jet-form-builder__label\">\r\n<div class=\"jet-form-builder__label-text\">Vinculo <span class=\"jet-form-builder__required\">*<\/span><\/div><\/div><div class=\"jet-form-builder__field-wrap\">\n\t<select class=\"jet-form-builder__field select-field\" required=\"required\" name=\"_vinculo\" data-field-name=\"_vinculo\" id=\"_vinculo\" data-jfb-sync=\"null\">\n\t\t<option value=\"\"  selected>Escolha um vinculo<\/option><option value=\"_comissionado\" >COMISSIONADO<\/option><option value=\"_efetivo\" >EFETIVO<\/option><option value=\"_contratado\" >CONTRATADO<\/option><option value=\"_outros\" >OUTROS<\/option>\t<\/select>\n<\/div>\n<\/div><\/div>\n\n\n\n<div class=\"wp-block-column is-layout-flow wp-block-column-is-layout-flow\"><div  class=\"jet-form-builder-row field-type-text-field\" >\n<div class=\"jet-form-builder__label\">\r\n<div class=\"jet-form-builder__label-text\">Cargo <span class=\"jet-form-builder__required\">*<\/span><\/div><\/div><div class=\"jet-form-builder__field-wrap\">\n\t\t\t\t<input required=\"required\" name=\"_cargo\" id=\"_cargo\" type=\"text\" data-field-name=\"_cargo\" class=\"jet-form-builder__field text-field\" data-jfb-sync=\"null\" autocomplete=\"off_rty7CGpF\">\n\t\t\t\t\t<\/div>\n<\/div><\/div>\n<\/div>\n\n\n\n<div class=\"wp-block-columns is-layout-flex wp-container-core-columns-is-layout-28f84493 wp-block-columns-is-layout-flex\">\n<div class=\"wp-block-column is-layout-flow wp-block-column-is-layout-flow\" style=\"flex-basis:20%\"><\/div>\n\n\n\n<div class=\"wp-block-column is-layout-flow wp-block-column-is-layout-flow\" style=\"flex-basis:60%\"><div  class=\"jet-form-builder-row field-type-select-field wp-block-jet-forms-select-field\">\n<div class=\"jet-form-builder__label\">\r\n<div class=\"jet-form-builder__label-text\">Secretaria <span class=\"jet-form-builder__required\">*<\/span><\/div><\/div><div class=\"jet-form-builder__field-wrap\">\n\t<select class=\"jet-form-builder__field select-field\" required=\"required\" name=\"_secretaria\" data-field-name=\"_secretaria\" id=\"_secretaria\" data-jfb-sync=\"null\" data-default-val=\"&#039;%post_id%&#039;\">\n\t\t<option value=\"\" >Selecione uma Secretaria<\/option><option value=\"_gabinete\" >Gabinete do Prefeito<\/option><option value=\"_gabinete_do_vice_prefeito\" >Gabinete do Vice Prefeito<\/option><option value=\"_pgm\" >PGM - Procuradoria Geral do Munic\u00edpio<\/option><option value=\"_controladoria_geral\" >Controladoria Geral<\/option><option value=\"_secretaria_de_assistencia_social\" >Secretaria de Assist\u00eancia Social<\/option><option value=\"_secretaria_de_gestao\" >Secretaria de Gest\u00e3o<\/option><option value=\"_secit\" >Secretaria de Ci\u00eancia, Inova\u00e7\u00e3o e Tecnologia<\/option><option value=\"_secretaria_de_comunicacao\" >Secretaria de Comunica\u00e7\u00e3o<\/option><option value=\"_secretaria_de_educacao\" >Secretaria de Educa\u00e7\u00e3o<\/option><option value=\"_secretaria_de_esporte_juventude\" >Secretaria de Esporte e Juventude<\/option><option value=\"_secretaria_da_fazenda\" >Secretaria da Fazenda<\/option><option value=\"_secretaria_de_governo\" >Secretaria de Governo<\/option><option value=\"_secretaria_de_industria_comercio\" >Secretaria de Ind\u00fastria e Com\u00e9rcio<\/option><option value=\"_secretaria_de_infraestrutura\" >Secretaria de Infraestrutura<\/option><option value=\"_secretaria_de_meio_ambiente\" >Secretaria de Meio Ambiente<\/option><option value=\"_seplanh\" >Secretaria de Planejamento Urbano<\/option><option value=\"_secretaria_de_saude\" >Secretaria de Sa\u00fade<\/option><option value=\"_secretaria_de_seguranca_publica\" >Secretaria de Seguran\u00e7a P\u00fablica<\/option><option value=\"_secretaria_de_relacoes_institucionais\" >Secretaria de Rela\u00e7\u00f5es Institucionais<\/option><option value=\"_secretaria_de_trabalho\" >Secretaria do Trabalho e Gera\u00e7\u00e3o de Emprego<\/option><option value=\"_secretaria_de_turismo\" >Secretaria de Turismo e Cultura<\/option><option value=\"_procon\" >PROCON<\/option><option value=\"_trindade_prev\" >Trindade Prev<\/option><option value=\"_secretaria_da_casa_civil\" >Secretaria da Casa Civil<\/option><option value=\"_secretaria_de_planejamento\" >Secretaria de Planejamento<\/option>\t<\/select>\n<\/div>\n<\/div><\/div>\n\n\n\n<div class=\"wp-block-column is-layout-flow wp-block-column-is-layout-flow\" style=\"flex-basis:20%\"><\/div>\n<\/div>\n\n\n\n<hr class=\"wp-block-separator aligncenter has-alpha-channel-opacity is-style-default\"\/>\n\n\n\n<p class=\"has-text-align-center has-text-color has-link-color wp-elements-efb57f4e5efe725203cb57833be3c2e9\" style=\"color:#0d2130;font-size:20px;font-style:normal;font-weight:700;line-height:1.5\">Informe no campo abaixo a data de inicio de suas f\u00e9rias:<\/p>\n\n\n\n<p><\/p>\n\n\n\n<div class=\"wp-block-columns is-layout-flex wp-container-core-columns-is-layout-28f84493 wp-block-columns-is-layout-flex\">\n<div class=\"wp-block-column is-layout-flow wp-block-column-is-layout-flow\"><div  class=\"jet-form-builder-row field-type-date-field\" >\n<div class=\"jet-form-builder__label\">\r\n<div class=\"jet-form-builder__label-text\">Inicio da F\u00e9rias <span class=\"jet-form-builder__required\">*<\/span><\/div><\/div><input class=\"jet-form-builder__field date-field\" required=\"required\" name=\"_periodo_de_gozo_inicial\" type=\"date\" data-field-name=\"_periodo_de_gozo_inicial\" id=\"_periodo_de_gozo_inicial\" data-jfb-sync=\"null\">\n<\/div><\/div>\n\n\n\n<div class=\"wp-block-column is-layout-flow wp-block-column-is-layout-flow\"><div  class=\"jet-form-builder-row field-type-radio-field wp-block-jet-forms-radio-field\">\n<div class=\"jet-form-builder__label\">\r\n<div class=\"jet-form-builder__label-text\">Periodo <span class=\"jet-form-builder__required\">*<\/span><\/div><\/div><div class=\"jet-form-builder__fields-group checkradio-wrap\" data-jfb-sync><div class=\"jet-form-builder__field-wrap radio-wrap checkradio-wrap\"><label class=\"jet-form-builder__field-label for-radio\">\n<input type=\"radio\" name=\"_periodo_de_ferias\" value=\"_quinze_dias\" data-field-name=\"_periodo_de_ferias\"  class=\"jet-form-builder__field radio-field checkradio-field\" required=\"required\"><span>15 dias<\/span><\/label><\/div><div class=\"jet-form-builder__field-wrap radio-wrap checkradio-wrap\"><label class=\"jet-form-builder__field-label for-radio\">\n<input type=\"radio\" name=\"_periodo_de_ferias\" value=\"_trinta_dias\" data-field-name=\"_periodo_de_ferias\"  class=\"jet-form-builder__field radio-field checkradio-field\" required=\"required\"><span>30 dias<\/span><\/label><\/div><\/div>\n<\/div><\/div>\n\n\n\n<div class=\"wp-block-column is-layout-flow wp-container-core-column-is-layout-e47e85d9 wp-block-column-is-layout-flow\" style=\"border-left-color:var(--wp--preset--color--black);padding-top:8px;padding-right:8px;padding-bottom:8px;padding-left:8px\">\n<p class=\"has-text-align-center\" style=\"font-style:normal;font-weight:500\">Caso seja necess\u00e1rio, Clique em \"Calculadora de F\u00e9rias\" para te ajudar a escolher o melhor per\u00edodo:<\/p>\n<\/div>\n\n\n\n<div class=\"wp-block-column is-vertically-aligned-center is-layout-flow wp-block-column-is-layout-flow\">\n<div class=\"wp-block-buttons is-horizontal is-content-justification-left is-layout-flex wp-container-core-buttons-is-layout-20be11b6 wp-block-buttons-is-layout-flex\">\n<div class=\"wp-block-button\"><a class=\"wp-block-button__link wp-element-button\" href=\"#CalcFerias\">Calculadora de F\u00e9rias<\/a><\/div>\n<\/div>\n<\/div>\n<\/div>\n\n\n\n<div class=\"wp-block-columns is-layout-flex wp-container-core-columns-is-layout-28f84493 wp-block-columns-is-layout-flex\">\n<div class=\"wp-block-column is-layout-flow wp-block-column-is-layout-flow\" style=\"flex-basis:20%\"><\/div>\n\n\n\n<div class=\"wp-block-column is-vertically-aligned-center is-layout-flow wp-block-column-is-layout-flow\"><\/div>\n\n\n\n<div class=\"wp-block-column is-layout-flow wp-block-column-is-layout-flow\"><\/div>\n\n\n\n<div class=\"wp-block-column is-layout-flow wp-block-column-is-layout-flow\"><\/div>\n<\/div>\n\n\n\n<p style=\"line-height:2\">Obs.1: A data de inicio das f\u00e9rias dever\u00e1 ser solicitada com o prazo razo\u00e1vel de viabilidade pra o andamento do processo (M\u00ednimo 30 dias de anteced\u00eancia) <\/p>\n\n\n\n<p class=\"has-text-align-left\">Obs.2: O servidor fica ciente, que o mesmo dever\u00e1 permanecer em exerc\u00edcio at\u00e9 a devida tramita\u00e7\u00e3o do processo e deferimento do pedido pelo respons\u00e1vel pela secretaria, caso contr\u00e1rio, a aus\u00eancia do servidor ser\u00e1 considerada como falta n\u00e3o justifica, ficando suscet\u00edvel aos procedimentos administrativos disciplinar que couber.<\/p>\n\n\n\n<hr class=\"wp-block-separator aligncenter has-alpha-channel-opacity is-style-default\"\/>\n\n\n\n<p class=\"has-text-align-center has-text-color has-link-color wp-elements-0a3d6bae4b2e59b10b7130d02404f689\" style=\"color:#0d2130;font-size:19px;font-style:normal;font-weight:700;line-height:4\">Fa\u00e7a a sua assinatura com o mouse no espa\u00e7o abaixo:<\/p>\n\n\n\n<div class=\"wp-block-columns is-layout-flex wp-container-core-columns-is-layout-28f84493 wp-block-columns-is-layout-flex\">\n<div class=\"wp-block-column is-vertically-aligned-center is-layout-flow wp-block-column-is-layout-flow\" style=\"flex-basis:20%\"><\/div>\n\n\n\n<div class=\"wp-block-column is-layout-flow wp-block-column-is-layout-flow\" style=\"flex-basis:60%\"><div  class=\"jet-form-builder-row field-type-signature-field\" >\n<div class=\"jet-form-builder__label\">\r\n<div class=\"jet-form-builder__label-text\">Assinatura <span class=\"jet-form-builder__required\">*<\/span><\/div><\/div><div class=\"jet-form-builder-signature-with-input\" style=\"width:100%\"><style>.jet-form-builder-signature-with-input {position: relative;}input.jet-form-builder-signature__input {position:absolute;z-index: 1;bottom: 5px;right: 5px;left: 5px;margin: 0;padding: 0;width: auto;}.jet-form-builder-signature {position: relative;z-index: 2;}.jet-form-builder-signature__canvas-container {width: 100%;height: 250px;}.jet-form-builder-signature__canvas {width: 100%;height: 250px;background: #fff;box-sizing: border-box;}.jet-form-builder-signature__clear {position: absolute;right: 0;bottom: 0;padding: 5px 10px;z-index: 999;font-size: 14px;line-height:20px;}<\/style><div class=\"jet-form-builder-signature\"><div class=\"jet-form-builder-signature__canvas-container\" style=\"height:200px;\"><canvas class=\"jet-form-builder-signature__canvas\" data-attrs=\"{&quot;background&quot;:&quot;#d0ede1&quot;,&quot;pen_color&quot;:&quot;#0693e3&quot;,&quot;image_format&quot;:&quot;png&quot;,&quot;storage_type&quot;:&quot;folder&quot;,&quot;svg_allowed&quot;:true}\" style=\"height:200px\"><\/canvas><\/div><a href=\"#\" class=\"jet-form-builder-signature__clear\">Limpar e Refazer Assinatura<\/a><\/div><input class=\"jet-form-builder-signature__input\" type=\"text\"  class=\"jet-form-builder__field\" required=\"required\" name=\"_assinatura\" id=\"_assinatura\" data-field-name=\"_assinatura\" data-jfb-sync\/><\/div>\n<\/div><\/div>\n\n\n\n<div class=\"wp-block-column is-layout-flow wp-block-column-is-layout-flow\" style=\"flex-basis:20%\"><\/div>\n<\/div>\n\n\n<div  class=\"jet-form-builder-row field-type-submit-field\" >\n\t<div data-type=\"submit\" class=\"jet-form-builder__action-button-wrapper jet-form-builder__submit-wrap\">\n\t<button class=\"jet-form-builder__action-button jet-form-builder__submit submit-type-ajax\" type=\"submit\">Gerar Requerimento PDF<\/button>\n\t<\/div>\n\t\n<\/div>\n\n\n<p><\/p>\n\t<div class=\"jet-form-builder-messages-wrap\" data-form-id=\"910\"><\/div>\n<\/form>\n\t\t\t\t<\/div>\n\t\t\t\t<\/div>\n\t\t\t\t\t<\/div>\n\t\t\t\t<\/div>\n\t\t<div class=\"elementor-element elementor-element-9657d8a e-flex e-con-boxed e-con e-parent\" data-id=\"9657d8a\" data-element_type=\"container\" data-e-type=\"container\">\n\t\t\t\t\t<div class=\"e-con-inner\">\n\t\t\t\t\t<\/div>\n\t\t\t\t<\/div>\n\t\t\t\t<\/div>\n\t\t","protected":false},"excerpt":{"rendered":"<p>Requerimento de F\u00e9rias Nome * CPF * E-mail * Celular * Vinculo * Escolha um vinculoCOMISSIONADOEFETIVOCONTRATADOOUTROS Cargo * Secretaria * Selecione uma SecretariaGabineteGabinete do PrefeitoPGM &#8211; Procuradoria Geral do Munic\u00edpioControladoria GeralSecretaria de Assist\u00eancia SocialSecretaria de Gest\u00e3oSecretaria de Ci\u00eancia, Inova\u00e7\u00e3o e TecnologiaSecretaria de Comunica\u00e7\u00e3oSecretaria de Educa\u00e7\u00e3oSecretaria de Esporte e JuventudeSecretaria da FazendaSecretaria de GovernoSecretaria de Ind\u00fastria [&hellip;]<\/p>\n","protected":false},"author":1,"featured_media":0,"parent":0,"menu_order":0,"comment_status":"closed","ping_status":"closed","template":"","meta":{"footnotes":""},"class_list":["post-921","page","type-page","status-publish","hentry"],"_links":{"self":[{"href":"https:\/\/casacivil.trindade.go.gov.br\/index.php?rest_route=\/wp\/v2\/pages\/921","targetHints":{"allow":["GET"]}}],"collection":[{"href":"https:\/\/casacivil.trindade.go.gov.br\/index.php?rest_route=\/wp\/v2\/pages"}],"about":[{"href":"https:\/\/casacivil.trindade.go.gov.br\/index.php?rest_route=\/wp\/v2\/types\/page"}],"author":[{"embeddable":true,"href":"https:\/\/casacivil.trindade.go.gov.br\/index.php?rest_route=\/wp\/v2\/users\/1"}],"replies":[{"embeddable":true,"href":"https:\/\/casacivil.trindade.go.gov.br\/index.php?rest_route=%2Fwp%2Fv2%2Fcomments&post=921"}],"version-history":[{"count":10,"href":"https:\/\/casacivil.trindade.go.gov.br\/index.php?rest_route=\/wp\/v2\/pages\/921\/revisions"}],"predecessor-version":[{"id":1075,"href":"https:\/\/casacivil.trindade.go.gov.br\/index.php?rest_route=\/wp\/v2\/pages\/921\/revisions\/1075"}],"wp:attachment":[{"href":"https:\/\/casacivil.trindade.go.gov.br\/index.php?rest_route=%2Fwp%2Fv2%2Fmedia&parent=921"}],"curies":[{"name":"wp","href":"https:\/\/api.w.org\/{rel}","templated":true}]}}