{"id":307,"date":"2025-07-15T10:18:03","date_gmt":"2025-07-15T13:18:03","guid":{"rendered":"https:\/\/casacivil.trindade.go.gov.br\/?page_id=307"},"modified":"2026-03-16T18:11:08","modified_gmt":"2026-03-16T21:11:08","slug":"requerimentos-online","status":"publish","type":"page","link":"https:\/\/casacivil.trindade.go.gov.br\/?page_id=307","title":{"rendered":"Requerimentos Online"},"content":{"rendered":"\t\t<div data-elementor-type=\"wp-page\" data-elementor-id=\"307\" class=\"elementor elementor-307\" data-elementor-post-type=\"page\">\n\t\t\t\t<div class=\"elementor-element elementor-element-fd9eeeb e-flex e-con-boxed e-con e-parent\" data-id=\"fd9eeeb\" data-element_type=\"container\" data-e-type=\"container\" data-settings=\"{&quot;shape_divider_top&quot;:&quot;mountains&quot;}\">\n\t\t\t\t\t<div class=\"e-con-inner\">\n\t\t\t\t<div class=\"elementor-shape elementor-shape-top\" aria-hidden=\"true\" data-negative=\"false\">\n\t\t\t<svg xmlns=\"http:\/\/www.w3.org\/2000\/svg\" viewBox=\"0 0 1000 100\" preserveAspectRatio=\"none\">\n\t<path class=\"elementor-shape-fill\" opacity=\"0.33\" d=\"M473,67.3c-203.9,88.3-263.1-34-320.3,0C66,119.1,0,59.7,0,59.7V0h1000v59.7 c0,0-62.1,26.1-94.9,29.3c-32.8,3.3-62.8-12.3-75.8-22.1C806,49.6,745.3,8.7,694.9,4.7S492.4,59,473,67.3z\"\/>\n\t<path class=\"elementor-shape-fill\" opacity=\"0.66\" d=\"M734,67.3c-45.5,0-77.2-23.2-129.1-39.1c-28.6-8.7-150.3-10.1-254,39.1 s-91.7-34.4-149.2,0C115.7,118.3,0,39.8,0,39.8V0h1000v36.5c0,0-28.2-18.5-92.1-18.5C810.2,18.1,775.7,67.3,734,67.3z\"\/>\n\t<path class=\"elementor-shape-fill\" d=\"M766.1,28.9c-200-57.5-266,65.5-395.1,19.5C242,1.8,242,5.4,184.8,20.6C128,35.8,132.3,44.9,89.9,52.5C28.6,63.7,0,0,0,0 h1000c0,0-9.9,40.9-83.6,48.1S829.6,47,766.1,28.9z\"\/>\n<\/svg>\t\t<\/div>\n\t\t<div class=\"elementor-element elementor-element-703f2eb e-con-full e-flex e-con e-child\" data-id=\"703f2eb\" data-element_type=\"container\" data-e-type=\"container\">\n\t\t<div class=\"elementor-element elementor-element-2982bf5 e-con-full e-flex e-con e-child\" data-id=\"2982bf5\" data-element_type=\"container\" data-e-type=\"container\">\n\t\t\t\t<div class=\"elementor-element elementor-element-b092453 elementor-widget elementor-widget-heading\" data-id=\"b092453\" data-element_type=\"widget\" data-e-type=\"widget\" data-widget_type=\"heading.default\">\n\t\t\t\t\t<h4 class=\"elementor-heading-title elementor-size-default\">Requerimentos Online<\/h4>\t\t\t\t<\/div>\n\t\t<div class=\"elementor-element elementor-element-39e7999 e-con-full e-flex e-con e-child\" data-id=\"39e7999\" data-element_type=\"container\" data-e-type=\"container\">\n\t\t\t\t<div class=\"elementor-element elementor-element-a9aed15 elementor-widget elementor-widget-dce-breadcrumbs\" data-id=\"a9aed15\" data-element_type=\"widget\" data-e-type=\"widget\" data-widget_type=\"dce-breadcrumbs.default\">\n\t\t\t\t<div class=\"elementor-widget-container\">\n\t\t\t\t\t<ul><li class=\"item-home\"><a class=\"bread-link bread-home\" href=\"https:\/\/casacivil.trindade.go.gov.br\" title=\"Inicio\">Inicio<\/a><\/li><li class=\"separator separator-home\"> <span class=\"dce-separator\"> &gt; <\/span> <\/li><li class=\"item-current item-307\"><span class=\"bread-current bread-307\"> Requerimentos Online<\/span><\/li><\/ul>\t\t\t\t<\/div>\n\t\t\t\t<\/div>\n\t\t\t\t<\/div>\n\t\t<div class=\"elementor-element elementor-element-ceb898a e-con-full e-flex e-con e-child\" data-id=\"ceb898a\" data-element_type=\"container\" data-e-type=\"container\">\n\t\t\t\t<div class=\"elementor-element elementor-element-ffef35d elementor-widget__width-initial elementor-widget elementor-widget-text-editor\" data-id=\"ffef35d\" data-element_type=\"widget\" data-e-type=\"widget\" data-widget_type=\"text-editor.default\">\n\t\t\t\t\t\t\t\t\t<p style=\"padding-left: 40px\"><span style=\"color: #000000\"><strong>Os formul\u00e1rios de requerimentos dispon\u00edveis nesta p\u00e1gina, poder\u00e3o ser utilizados na abertura do referido processo no Link: <a href=\"http:\/\/trindade.centi.com.br\/solicitacoes\">P\u00e1gina de Solicita\u00e7\u00f5es Online<span style=\"color: #0000ff\">.<\/span><\/a><\/strong><\/span><\/p>\n\t\t\t\t\t\t\t\t<\/div>\n\t\t\t\t<div class=\"elementor-element elementor-element-f2c5a8d elementor-widget-divider--view-line elementor-widget elementor-widget-divider\" data-id=\"f2c5a8d\" data-element_type=\"widget\" data-e-type=\"widget\" data-widget_type=\"divider.default\">\n\t\t\t\t\t\t\t<div class=\"elementor-divider\">\n\t\t\t<span class=\"elementor-divider-separator\">\n\t\t\t\t\t\t<\/span>\n\t\t<\/div>\n\t\t\t\t\t\t<\/div>\n\t\t\t\t<\/div>\n\t\t<div class=\"elementor-element elementor-element-9a46995 e-con-full e-flex e-con e-child\" data-id=\"9a46995\" data-element_type=\"container\" data-e-type=\"container\">\n\t\t\t\t<div class=\"elementor-element elementor-element-8adcaa8 elementor-widget elementor-widget-wp-widget-pages\" data-id=\"8adcaa8\" data-element_type=\"widget\" data-e-type=\"widget\" data-widget_type=\"wp-widget-pages.default\">\n\t\t\t\t<div class=\"elementor-widget-container\">\n\t\t\t\t\t<h5>Requerimentos Dispon\u00edveis<\/h5><nav aria-label=\"Requerimentos Dispon\u00edveis\">\n\t\t\t<ul>\n\t\t\t\t<li class=\"page_item page-item-1339\"><a href=\"https:\/\/casacivil.trindade.go.gov.br\/?page_id=1339\">Req- Averba\u00e7\u00e3o de tempo de contribui\u00e7\u00e3o<\/a><\/li>\n<li class=\"page_item page-item-1901\"><a href=\"https:\/\/casacivil.trindade.go.gov.br\/?page_id=1901\">Req- Promo\u00e7\u00e3o por Habilita\u00e7\u00e3o (promo\u00e7\u00e3o)<\/a><\/li>\n<li class=\"page_item page-item-622\"><a href=\"https:\/\/casacivil.trindade.go.gov.br\/?page_id=622\">Req-Abono de Permanencia<\/a><\/li>\n<li class=\"page_item page-item-743\"><a href=\"https:\/\/casacivil.trindade.go.gov.br\/?page_id=743\">Req-Adiamento do 13 Salario<\/a><\/li>\n<li class=\"page_item page-item-770\"><a href=\"https:\/\/casacivil.trindade.go.gov.br\/?page_id=770\">Req-Adiantamento do 13 Salario<\/a><\/li>\n<li class=\"page_item page-item-791\"><a href=\"https:\/\/casacivil.trindade.go.gov.br\/?page_id=791\">Req-Adicional de Insalubridade<\/a><\/li>\n<li class=\"page_item page-item-815\"><a href=\"https:\/\/casacivil.trindade.go.gov.br\/?page_id=815\">Req-Adicional de Periculosidade<\/a><\/li>\n<li class=\"page_item page-item-1251\"><a href=\"https:\/\/casacivil.trindade.go.gov.br\/?page_id=1251\">Req-Adicional por tempo de servi\u00e7o (quinquenio)<\/a><\/li>\n<li class=\"page_item page-item-7382\"><a href=\"https:\/\/casacivil.trindade.go.gov.br\/?page_id=7382\">Req-Afastamento para participa\u00e7\u00e3o de Programa de P\u00f3s-Gradua\u00e7\u00e3o<\/a><\/li>\n<li class=\"page_item page-item-7404\"><a href=\"https:\/\/casacivil.trindade.go.gov.br\/?page_id=7404\">Req-Afastamento para participa\u00e7\u00e3o em competi\u00e7\u00e3o esportiva<\/a><\/li>\n<li class=\"page_item page-item-1300\"><a href=\"https:\/\/casacivil.trindade.go.gov.br\/?page_id=1300\">Req-Altera\u00e7\u00e3o de Carga Hor\u00e1ria<\/a><\/li>\n<li class=\"page_item page-item-1595\"><a href=\"https:\/\/casacivil.trindade.go.gov.br\/?page_id=1595\">Req-Altera\u00e7\u00e3o de nome do cadastro de servidores<\/a><\/li>\n<li class=\"page_item page-item-831\"><a href=\"https:\/\/casacivil.trindade.go.gov.br\/?page_id=831\">Req-Anexo IV e Anexo V<\/a><\/li>\n<li class=\"page_item page-item-874\"><a href=\"https:\/\/casacivil.trindade.go.gov.br\/?page_id=874\">Req-Aposentadoria<\/a><\/li>\n<li class=\"page_item page-item-7450\"><a href=\"https:\/\/casacivil.trindade.go.gov.br\/?page_id=7450\">Req-Aposentadoria Especial do Magist\u00e9rio<\/a><\/li>\n<li class=\"page_item page-item-7455\"><a href=\"https:\/\/casacivil.trindade.go.gov.br\/?page_id=7455\">Req-Aposentadoria por Invalidez<\/a><\/li>\n<li class=\"page_item page-item-2059\"><a href=\"https:\/\/casacivil.trindade.go.gov.br\/?page_id=2059\">Req-Auxilio Funeral<\/a><\/li>\n<li class=\"page_item page-item-901\"><a href=\"https:\/\/casacivil.trindade.go.gov.br\/?page_id=901\">Req-Avalia\u00e7\u00e3o Final do Estagio Probat\u00f3rio<\/a><\/li>\n<li class=\"page_item page-item-1369\"><a href=\"https:\/\/casacivil.trindade.go.gov.br\/?page_id=1369\">Req-Beneficio por incapacidade junto ao INSS<\/a><\/li>\n<li class=\"page_item page-item-483\"><a href=\"https:\/\/casacivil.trindade.go.gov.br\/?page_id=483\">Req-Cadastro de Cancelamento de Processo<\/a><\/li>\n<li class=\"page_item page-item-716\"><a href=\"https:\/\/casacivil.trindade.go.gov.br\/?page_id=716\">Req-Certidao de tempo de contribui\u00e7ao<\/a><\/li>\n<li class=\"page_item page-item-1405\"><a href=\"https:\/\/casacivil.trindade.go.gov.br\/?page_id=1405\">Req-C\u00f3pia de documentos<\/a><\/li>\n<li class=\"page_item page-item-6763\"><a href=\"https:\/\/casacivil.trindade.go.gov.br\/?page_id=6763\">Req-de Auxilio Doen\u00e7a<\/a><\/li>\n<li class=\"page_item page-item-1426\"><a href=\"https:\/\/casacivil.trindade.go.gov.br\/?page_id=1426\">Req-Declara\u00e7\u00e3o Funcional<\/a><\/li>\n<li class=\"page_item page-item-7663\"><a href=\"https:\/\/casacivil.trindade.go.gov.br\/?page_id=7663\">Req-Desaverba\u00e7\u00e3o de Certid\u00e3o de Tempo de Contribui\u00e7\u00e3o<\/a><\/li>\n<li class=\"page_item page-item-1450\"><a href=\"https:\/\/casacivil.trindade.go.gov.br\/?page_id=1450\">Req-Desaverba\u00e7\u00e3o e Devolu\u00e7\u00e3o da Certid\u00e3o de Tempo de contribui\u00e7\u00e3o<\/a><\/li>\n<li class=\"page_item page-item-1474\"><a href=\"https:\/\/casacivil.trindade.go.gov.br\/?page_id=1474\">Req-Exonera\u00e7\u00e3o<\/a><\/li>\n<li class=\"page_item page-item-921\"><a href=\"https:\/\/casacivil.trindade.go.gov.br\/?page_id=921\">Req-Ferias<\/a><\/li>\n<li class=\"page_item page-item-1612\"><a href=\"https:\/\/casacivil.trindade.go.gov.br\/?page_id=1612\">Req-Gratifica\u00e7ao de Incentivo a Profissionaliza\u00e7\u00e3o<\/a><\/li>\n<li class=\"page_item page-item-1639\"><a href=\"https:\/\/casacivil.trindade.go.gov.br\/?page_id=1639\">Req-Gratifica\u00e7\u00e3o de Incentivo Funcional<\/a><\/li>\n<li class=\"page_item page-item-1655\"><a href=\"https:\/\/casacivil.trindade.go.gov.br\/?page_id=1655\">Req-Gratifica\u00e7\u00e3o de Titula\u00e7\u00e3o Acad\u00eamica<\/a><\/li>\n<li class=\"page_item page-item-1673\"><a href=\"https:\/\/casacivil.trindade.go.gov.br\/?page_id=1673\">Req-Gratifica\u00e7\u00e3o de Titularidade<\/a><\/li>\n<li class=\"page_item page-item-1997\"><a href=\"https:\/\/casacivil.trindade.go.gov.br\/?page_id=1997\">Req-Interrup\u00e7\u00e3o de Licen\u00e7a<\/a><\/li>\n<li class=\"page_item page-item-1497\"><a href=\"https:\/\/casacivil.trindade.go.gov.br\/?page_id=1497\">Req-Licen\u00e7a Classista<\/a><\/li>\n<li class=\"page_item page-item-1723\"><a href=\"https:\/\/casacivil.trindade.go.gov.br\/?page_id=1723\">Req-Licen\u00e7a de acompanhamento de conjugue ou companheiro(a)<\/a><\/li>\n<li class=\"page_item page-item-1519\"><a href=\"https:\/\/casacivil.trindade.go.gov.br\/?page_id=1519\">Req-Licen\u00e7a Maternidade<\/a><\/li>\n<li class=\"page_item page-item-1535\"><a href=\"https:\/\/casacivil.trindade.go.gov.br\/?page_id=1535\">Req-Licen\u00e7a para atividade Politica<\/a><\/li>\n<li class=\"page_item page-item-2032\"><a href=\"https:\/\/casacivil.trindade.go.gov.br\/?page_id=2032\">Req-Licen\u00e7a para Servi\u00e7o Militar<\/a><\/li>\n<li class=\"page_item page-item-1786\"><a href=\"https:\/\/casacivil.trindade.go.gov.br\/?page_id=1786\">Req-Licen\u00e7a para Tratamento de Sa\u00fade<\/a><\/li>\n<li class=\"page_item page-item-1559\"><a href=\"https:\/\/casacivil.trindade.go.gov.br\/?page_id=1559\">Req-Licen\u00e7a Paternidade<\/a><\/li>\n<li class=\"page_item page-item-1700\"><a href=\"https:\/\/casacivil.trindade.go.gov.br\/?page_id=1700\">Req-Licen\u00e7a por interesse particular<\/a><\/li>\n<li class=\"page_item page-item-1754\"><a href=\"https:\/\/casacivil.trindade.go.gov.br\/?page_id=1754\">Req-Licen\u00e7a por motivo de doen\u00e7a em pessoa da fam\u00edlia<\/a><\/li>\n<li class=\"page_item page-item-1815\"><a href=\"https:\/\/casacivil.trindade.go.gov.br\/?page_id=1815\">Req-Licen\u00e7a Pr\u00eamio<\/a><\/li>\n<li class=\"page_item page-item-1844\"><a href=\"https:\/\/casacivil.trindade.go.gov.br\/?page_id=1844\">Req-Pens\u00e3o por Morte<\/a><\/li>\n<li class=\"page_item page-item-1928\"><a href=\"https:\/\/casacivil.trindade.go.gov.br\/?page_id=1928\">Req-Readapta\u00e7\u00e3o<\/a><\/li>\n<li class=\"page_item page-item-1577\"><a href=\"https:\/\/casacivil.trindade.go.gov.br\/?page_id=1577\">Req-Redu\u00e7\u00e3o de Carga Hor\u00e1ria<\/a><\/li>\n<li class=\"page_item page-item-7573\"><a href=\"https:\/\/casacivil.trindade.go.gov.br\/?page_id=7573\">Req-redu\u00e7\u00e3o de carga hor\u00e1ria c\u00f4njuge, companheiro, filho ou dependente com defici\u00eancia ou com doen\u00e7a falciforme<\/a><\/li>\n<li class=\"page_item page-item-7556\"><a href=\"https:\/\/casacivil.trindade.go.gov.br\/?page_id=7556\">Req-Redu\u00e7\u00e3o de Carga Horaria por Defici\u00eancia ou com doen\u00e7a Falciforme.<\/a><\/li>\n<li class=\"page_item page-item-7591\"><a href=\"https:\/\/casacivil.trindade.go.gov.br\/?page_id=7591\">Req-Redu\u00e7\u00e3o de carga hor\u00e1ria por estar matriculado em curso da educa\u00e7\u00e3o b\u00e1sica e da educa\u00e7\u00e3o superior<\/a><\/li>\n<li class=\"page_item page-item-1944\"><a href=\"https:\/\/casacivil.trindade.go.gov.br\/?page_id=1944\">Req-Rescis\u00e3o de Contrato<\/a><\/li>\n<li class=\"page_item page-item-853\"><a href=\"https:\/\/casacivil.trindade.go.gov.br\/?page_id=853\">Req-Revis\u00e3o de Processo<\/a><\/li>\n<li class=\"page_item page-item-1972\"><a href=\"https:\/\/casacivil.trindade.go.gov.br\/?page_id=1972\">Req-Vac\u00e2ncia<\/a><\/li>\n\t\t\t<\/ul>\n\n\t\t\t<\/nav>\t\t\t\t<\/div>\n\t\t\t\t<\/div>\n\t\t\t\t<\/div>\n\t\t\t\t<\/div>\n\t\t\t\t<\/div>\n\t\t\t\t\t<\/div>\n\t\t\t\t<\/div>\n\t\t\t\t<\/div>\n\t\t","protected":false},"excerpt":{"rendered":"<p>Requerimentos Online Inicio &gt; Requerimentos Online<\/p>\n","protected":false},"author":1,"featured_media":0,"parent":0,"menu_order":0,"comment_status":"closed","ping_status":"closed","template":"","meta":{"footnotes":""},"class_list":["post-307","page","type-page","status-publish","hentry"],"_links":{"self":[{"href":"https:\/\/casacivil.trindade.go.gov.br\/index.php?rest_route=\/wp\/v2\/pages\/307","targetHints":{"allow":["GET"]}}],"collection":[{"href":"https:\/\/casacivil.trindade.go.gov.br\/index.php?rest_route=\/wp\/v2\/pages"}],"about":[{"href":"https:\/\/casacivil.trindade.go.gov.br\/index.php?rest_route=\/wp\/v2\/types\/page"}],"author":[{"embeddable":true,"href":"https:\/\/casacivil.trindade.go.gov.br\/index.php?rest_route=\/wp\/v2\/users\/1"}],"replies":[{"embeddable":true,"href":"https:\/\/casacivil.trindade.go.gov.br\/index.php?rest_route=%2Fwp%2Fv2%2Fcomments&post=307"}],"version-history":[{"count":139,"href":"https:\/\/casacivil.trindade.go.gov.br\/index.php?rest_route=\/wp\/v2\/pages\/307\/revisions"}],"predecessor-version":[{"id":7491,"href":"https:\/\/casacivil.trindade.go.gov.br\/index.php?rest_route=\/wp\/v2\/pages\/307\/revisions\/7491"}],"wp:attachment":[{"href":"https:\/\/casacivil.trindade.go.gov.br\/index.php?rest_route=%2Fwp%2Fv2%2Fmedia&parent=307"}],"curies":[{"name":"wp","href":"https:\/\/api.w.org\/{rel}","templated":true}]}}