{"id":2059,"date":"2025-07-31T15:53:41","date_gmt":"2025-07-31T18:53:41","guid":{"rendered":"https:\/\/casacivil.trindade.go.gov.br\/?page_id=2059"},"modified":"2026-03-06T13:47:03","modified_gmt":"2026-03-06T16:47:03","slug":"req-auxilio-funeral","status":"publish","type":"page","link":"https:\/\/casacivil.trindade.go.gov.br\/?page_id=2059","title":{"rendered":"Req-Auxilio Funeral"},"content":{"rendered":"\t\t<div data-elementor-type=\"wp-page\" data-elementor-id=\"2059\" class=\"elementor elementor-2059\" data-elementor-post-type=\"page\">\n\t\t\t\t<div class=\"elementor-element elementor-element-a4cd72d e-flex e-con-boxed e-con e-parent\" data-id=\"a4cd72d\" data-element_type=\"container\" data-e-type=\"container\">\n\t\t\t\t\t<div class=\"e-con-inner\">\n\t\t\t\t<div class=\"elementor-element elementor-element-c358c54 elementor-widget elementor-widget-jet-form-builder-form\" data-id=\"c358c54\" data-element_type=\"widget\" data-e-type=\"widget\" data-widget_type=\"jet-form-builder-form.default\">\n\t\t\t\t<div class=\"elementor-widget-container\">\n\t\t\t\t\t<link rel='stylesheet' id='wp-block-library-css' href='https:\/\/casacivil.trindade.go.gov.br\/wp-includes\/css\/dist\/block-library\/style.min.css?ver=6.9.4' media='all' \/>\n<style id=\"jet-form-builder-2048-inline-css\"><\/style><form  class=\"jet-form-builder layout-column submit-type-ajax\" action=\"https:\/\/casacivil.trindade.go.gov.br\/?gGbe5A=oEZdb2Qefd&amp;method=reload\" method=\"POST\" data-form-id=\"2048\" data-layout=\"column\" enctype=\"multipart\/form-data\" novalidate=\"null\" ssr_validation_method=\"rest\"><input type=\"hidden\" id=\"_wpnonce\" name=\"_wpnonce\" value=\"0c0c5bb0c0\" \/><input type=\"hidden\" name=\"_wp_http_referer\" value=\"\/index.php?rest_route=%2Fwp%2Fv2%2Fpages%2F2059\" \/>\r\n<input type=\"hidden\" name=\"_jfb_current_render_states[]\" value=\"DEFAULT.STATE\" data-jfb-sync \/><input type=\"hidden\" class=\"jet-form-builder__field hidden-field\" name=\"_jet_engine_booking_form_id\" data-field-name=\"_jet_engine_booking_form_id\" value=\"2048\">\n<input type=\"hidden\" class=\"jet-form-builder__field hidden-field\" name=\"_jet_engine_refer\" data-field-name=\"_jet_engine_refer\" value=\"https:\/\/casacivil.trindade.go.gov.br\/?rest_route=%2Fwp%2Fv2%2Fpages%2F2059\">\n<input type=\"hidden\" class=\"jet-form-builder__field hidden-field\" name=\"__queried_post_id\" data-field-name=\"__queried_post_id\" value=\"2059\">\n\n<input type=\"hidden\" class=\"jet-form-builder__field hidden-field\" name=\"post_id\" data-field-name=\"post_id\" data-jfb-sync=\"null\" value=\"2059\">\n\n\n\n\n<p class=\"has-text-align-center has-text-color has-link-color wp-elements-858bebfffc458536705f02219edc6c37\" style=\"color:#0d2130;font-size:28px;font-style:normal;font-weight:700;line-height:3\"><mark style=\"background-color:rgba(0, 0, 0, 0)\" class=\"has-inline-color has-vivid-cyan-blue-color\"><strong>REQUERIMENTO DE AUXILIO FUNERAL<\/strong><\/mark><\/p>\n\n\n\n<div class=\"wp-block-columns is-layout-flex wp-container-core-columns-is-layout-28f84493 wp-block-columns-is-layout-flex\">\n<div class=\"wp-block-column is-layout-flow wp-block-column-is-layout-flow\" style=\"text-transform:uppercase\"><div  class=\"jet-form-builder-row field-type-text-field\" >\n<div class=\"jet-form-builder__label\">\r\n<div class=\"jet-form-builder__label-text\">Nome <span class=\"jet-form-builder__required\">*<\/span><\/div><\/div><div class=\"jet-form-builder__field-wrap\">\n\t\t\t\t<input required=\"required\" name=\"_nome\" id=\"_nome\" type=\"text\" data-field-name=\"_nome\" class=\"jet-form-builder__field text-field\" data-jfb-sync=\"null\" autocomplete=\"off_aeONWUSy\">\n\t\t\t\t\t<\/div>\n<\/div><\/div>\n\n\n\n<div class=\"wp-block-column is-layout-flow wp-block-column-is-layout-flow\"><div  class=\"jet-form-builder-row field-type-text-field\" >\n<div class=\"jet-form-builder__label\">\r\n<div class=\"jet-form-builder__label-text\">CPF <span class=\"jet-form-builder__required\">*<\/span><\/div><\/div><div class=\"jet-form-builder__field-wrap\">\n\t\t\t\t<input required=\"required\" name=\"_cpf\" id=\"_cpf\" type=\"text\" data-field-name=\"_cpf\" class=\"jet-form-builder__field text-field jet-form-builder__masked-field\" data-jfb-sync=\"null\" autocomplete=\"on\" data-inputmask=\"&#039;mask&#039;: &#039;999.999.999-99&#039;\" data-inputmask-placeholder=\"_\" data-inputmask-clearmaskonlostfocus=\"false\">\n\t\t\t\t\t<\/div>\n<\/div><\/div>\n<\/div>\n\n\n\n<div class=\"wp-block-columns is-layout-flex wp-container-core-columns-is-layout-28f84493 wp-block-columns-is-layout-flex\">\n<div class=\"wp-block-column is-layout-flow wp-block-column-is-layout-flow\"><div  class=\"jet-form-builder-row field-type-text-field\" >\n<div class=\"jet-form-builder__label\">\r\n<div class=\"jet-form-builder__label-text\">E-mail <span class=\"jet-form-builder__required\">*<\/span><\/div><\/div><div class=\"jet-form-builder__field-wrap\">\n\t\t\t\t<input required=\"required\" name=\"_e-mail\" id=\"_e-mail\" type=\"email\" data-field-name=\"_e-mail\" class=\"jet-form-builder__field text-field\" data-jfb-sync=\"null\" autocomplete=\"on\">\n\t\t\t\t\t<\/div>\n<\/div><\/div>\n\n\n\n<div class=\"wp-block-column is-layout-flow wp-block-column-is-layout-flow\"><div  class=\"jet-form-builder-row field-type-text-field\" >\n<div class=\"jet-form-builder__label\">\r\n<div class=\"jet-form-builder__label-text\">Celular <span class=\"jet-form-builder__required\">*<\/span><\/div><\/div><div class=\"jet-form-builder__field-wrap\">\n\t\t\t\t<input required=\"required\" name=\"_telefone\" id=\"_telefone\" type=\"tel\" data-field-name=\"_telefone\" class=\"jet-form-builder__field text-field jet-form-builder__masked-field\" data-jfb-sync=\"null\" autocomplete=\"on\" data-inputmask=\"&#039;mask&#039;: &#039;(99)99999-9999&#039;\" data-inputmask-placeholder=\"_\" data-inputmask-clearmaskonlostfocus=\"false\">\n\t\t\t\t\t<\/div>\n<\/div><\/div>\n<\/div>\n\n\n\n<div class=\"wp-block-columns are-vertically-aligned-bottom is-layout-flex wp-container-core-columns-is-layout-9f2002f5 wp-block-columns-is-layout-flex\">\n<div class=\"wp-block-column is-vertically-aligned-bottom is-layout-flow wp-container-core-column-is-layout-fb448734 wp-block-column-is-layout-flow\" style=\"flex-basis:185px\"><\/div>\n\n\n\n<div class=\"wp-block-column is-vertically-aligned-bottom is-layout-flow wp-block-column-is-layout-flow\"><\/div>\n<\/div>\n\n\n\n<div class=\"wp-block-columns is-layout-flex wp-container-core-columns-is-layout-28f84493 wp-block-columns-is-layout-flex\">\n<div class=\"wp-block-column is-layout-flow wp-block-column-is-layout-flow\"><\/div>\n\n\n\n<div class=\"wp-block-column is-layout-flow wp-container-core-column-is-layout-88aa0901 wp-block-column-is-layout-flow\" style=\"border-width:1px;padding-left:10px;box-shadow:var(--wp--preset--shadow--natural);flex-basis:50%\"><div  class=\"jet-form-builder-row field-type-radio-field wp-block-jet-forms-radio-field\">\n<div class=\"jet-form-builder__label\">\r\n<div class=\"jet-form-builder__label-text\">Grau de Parentesco <span class=\"jet-form-builder__required\">*<\/span><\/div><\/div><div class=\"jet-form-builder__fields-group checkradio-wrap\" data-jfb-sync><div class=\"jet-form-builder__field-wrap radio-wrap checkradio-wrap\"><label class=\"jet-form-builder__field-label for-radio\">\n<input type=\"radio\" name=\"_grau_de_parentesco_falecido\" value=\"_pai\" data-field-name=\"_grau_de_parentesco_falecido\"  class=\"jet-form-builder__field radio-field checkradio-field\" required=\"required\"><span>Pai<\/span><\/label><\/div><div class=\"jet-form-builder__field-wrap radio-wrap checkradio-wrap\"><label class=\"jet-form-builder__field-label for-radio\">\n<input type=\"radio\" name=\"_grau_de_parentesco_falecido\" value=\"_mae\" data-field-name=\"_grau_de_parentesco_falecido\"  class=\"jet-form-builder__field radio-field checkradio-field\" required=\"required\"><span>M\u00e3e<\/span><\/label><\/div><div class=\"jet-form-builder__field-wrap radio-wrap checkradio-wrap\"><label class=\"jet-form-builder__field-label for-radio\">\n<input type=\"radio\" name=\"_grau_de_parentesco_falecido\" value=\"_filho\" data-field-name=\"_grau_de_parentesco_falecido\"  class=\"jet-form-builder__field radio-field checkradio-field\" required=\"required\"><span>Filho(a)<\/span><\/label><\/div><div class=\"jet-form-builder__field-wrap radio-wrap checkradio-wrap\"><label class=\"jet-form-builder__field-label for-radio\">\n<input type=\"radio\" name=\"_grau_de_parentesco_falecido\" value=\"_enteado\" data-field-name=\"_grau_de_parentesco_falecido\"  class=\"jet-form-builder__field radio-field checkradio-field\" required=\"required\"><span>Enteado(a)<\/span><\/label><\/div><div class=\"jet-form-builder__field-wrap radio-wrap checkradio-wrap\"><label class=\"jet-form-builder__field-label for-radio\">\n<input type=\"radio\" name=\"_grau_de_parentesco_falecido\" value=\"_companheiro\" data-field-name=\"_grau_de_parentesco_falecido\"  class=\"jet-form-builder__field radio-field checkradio-field\" required=\"required\"><span>Companheiro(a)<\/span><\/label><\/div><div class=\"jet-form-builder__field-wrap radio-wrap checkradio-wrap custom-option\"><label class=\"jet-form-builder__field-label for-radio\">\n<input type=\"radio\" name=\"_grau_de_parentesco_falecido\" data-field-name=\"_grau_de_parentesco_falecido\" data-custom=\"1\" class=\"jet-form-builder__field radio-field checkradio-field\" value=\"\"><span><input type=\"text\" name=\"_grau_de_parentesco_falecido\" data-field-name=\"_grau_de_parentesco_falecido\" class=\"jet-form-builder__field text-field\" disabled=\"disabled\" required=\"required\"><\/span><\/label><\/div><\/div><div class=\"jet-form-builder__desc\"><small>*Outros<\/small><\/div>\n<\/div><\/div>\n\n\n\n<div class=\"wp-block-column is-layout-flow wp-block-column-is-layout-flow\"><\/div>\n<\/div>\n\n\n\n<hr class=\"wp-block-separator aligncenter has-alpha-channel-opacity is-style-default\"\/>\n\n\n\n<p class=\"has-text-align-center has-text-color has-link-color wp-elements-cf5a7eb570f7a4d7e7278e8a84b1a122\" style=\"color:#0d2130;font-size:19px;font-style:normal;font-weight:700;line-height:2\">Informe no campo abaixo os Dados do Servidor Falecido<\/p>\n\n\n\n<div class=\"wp-block-columns is-layout-flex wp-container-core-columns-is-layout-aca22cf8 wp-block-columns-is-layout-flex\">\n<div class=\"wp-block-column is-layout-flow wp-block-column-is-layout-flow\"><\/div>\n\n\n\n<div class=\"wp-block-column is-layout-flow wp-block-column-is-layout-flow\" style=\"flex-basis:300px\"><div  class=\"jet-form-builder-row field-type-text-field\" >\n<div class=\"jet-form-builder__label\">\r\n<div class=\"jet-form-builder__label-text\">Nome do servidor Falecido:<\/div><\/div><div class=\"jet-form-builder__field-wrap\">\n\t\t\t\t<input name=\"_nome_do_falecido\" id=\"_nome_do_falecido\" type=\"text\" data-field-name=\"_nome_do_falecido\" class=\"jet-form-builder__field text-field\" data-jfb-sync=\"null\" autocomplete=\"off_tqNsQXz0\">\n\t\t\t\t\t<\/div>\n<\/div><\/div>\n\n\n\n<div class=\"wp-block-column is-layout-flow wp-block-column-is-layout-flow\"><div  class=\"jet-form-builder-row field-type-text-field\" >\n<div class=\"jet-form-builder__label\">\r\n<div class=\"jet-form-builder__label-text\">CPF do Falecido<\/div><\/div><div class=\"jet-form-builder__field-wrap\">\n\t\t\t\t<input name=\"_cpf_do_falecido\" id=\"_cpf_do_falecido\" type=\"text\" data-field-name=\"_cpf_do_falecido\" class=\"jet-form-builder__field text-field jet-form-builder__masked-field\" data-jfb-sync=\"null\" autocomplete=\"off_ZeJcKvT6\" data-inputmask=\"&#039;mask&#039;: &#039;999.999.999-99&#039;\" data-inputmask-placeholder=\"_\" data-inputmask-clearmaskonlostfocus=\"false\">\n\t\t\t\t\t<\/div>\n<\/div><\/div>\n\n\n\n<div class=\"wp-block-column is-layout-flow wp-block-column-is-layout-flow\"><\/div>\n<\/div>\n\n\n\n<p class=\"has-vivid-red-color has-text-color has-link-color wp-elements-69fa0b194793157a8bcaa1d9c3bb3142\">Obs.1: Informamos que \u00e9 necess\u00e1rio o encaminhamento de documenta\u00e7\u00e3o pessoal, comprovante de resid\u00eancia recente, digitalizados, anexos a este requerimento.<\/p>\n\n\n\n<p class=\"has-vivid-red-color has-text-color has-link-color wp-elements-b4173dff96a2a0564b6ef34205875a31\">Obs.2: Em conformidade com a legisla\u00e7\u00e3o vigente (Lei Complementar n\u00ba 60, de 04\/10\/2023), faz-se necess\u00e1rio a comprova\u00e7\u00e3o do custeio do funeral mediante a apresenta\u00e7\u00e3o de notas fiscais.<\/p>\n\n\n\n<hr class=\"wp-block-separator aligncenter has-alpha-channel-opacity is-style-default\"\/>\n\n\n\n<p class=\"has-text-align-center has-text-color has-link-color wp-elements-0a3d6bae4b2e59b10b7130d02404f689\" style=\"color:#0d2130;font-size:19px;font-style:normal;font-weight:700;line-height:4\">Fa\u00e7a a sua assinatura com o mouse no espa\u00e7o abaixo:<\/p>\n\n\n\n<div class=\"wp-block-columns is-layout-flex wp-container-core-columns-is-layout-28f84493 wp-block-columns-is-layout-flex\">\n<div class=\"wp-block-column is-vertically-aligned-center is-layout-flow wp-block-column-is-layout-flow\" style=\"flex-basis:20%\"><\/div>\n\n\n\n<div class=\"wp-block-column is-layout-flow wp-block-column-is-layout-flow\" style=\"flex-basis:60%\"><div  class=\"jet-form-builder-row field-type-signature-field\" >\n<div class=\"jet-form-builder__label\">\r\n<div class=\"jet-form-builder__label-text\">Assinatura <span class=\"jet-form-builder__required\">*<\/span><\/div><\/div><div class=\"jet-form-builder-signature-with-input\" style=\"width:100%\"><style>.jet-form-builder-signature-with-input {position: relative;}input.jet-form-builder-signature__input {position:absolute;z-index: 1;bottom: 5px;right: 5px;left: 5px;margin: 0;padding: 0;width: auto;}.jet-form-builder-signature {position: relative;z-index: 2;}.jet-form-builder-signature__canvas-container {width: 100%;height: 250px;}.jet-form-builder-signature__canvas {width: 100%;height: 250px;background: #fff;box-sizing: border-box;}.jet-form-builder-signature__clear {position: absolute;right: 0;bottom: 0;padding: 5px 10px;z-index: 999;font-size: 14px;line-height:20px;}<\/style><div class=\"jet-form-builder-signature\"><div class=\"jet-form-builder-signature__canvas-container\" style=\"height:200px;\"><canvas class=\"jet-form-builder-signature__canvas\" data-attrs=\"{&quot;background&quot;:&quot;#d0ede1&quot;,&quot;pen_color&quot;:&quot;#0693e3&quot;,&quot;image_format&quot;:&quot;png&quot;,&quot;storage_type&quot;:&quot;folder&quot;,&quot;svg_allowed&quot;:true}\" style=\"height:200px\"><\/canvas><\/div><a href=\"#\" class=\"jet-form-builder-signature__clear\">Limpar e Refazer Assinatura<\/a><\/div><input class=\"jet-form-builder-signature__input\" type=\"text\"  class=\"jet-form-builder__field\" required=\"required\" name=\"_assinatura\" id=\"_assinatura\" data-field-name=\"_assinatura\" data-jfb-sync\/><\/div>\n<\/div><\/div>\n\n\n\n<div class=\"wp-block-column is-layout-flow wp-block-column-is-layout-flow\" style=\"flex-basis:20%\"><\/div>\n<\/div>\n\n\n<div  class=\"jet-form-builder-row field-type-submit-field\" >\n\t<div data-type=\"submit\" class=\"jet-form-builder__action-button-wrapper jet-form-builder__submit-wrap\">\n\t<button class=\"jet-form-builder__action-button jet-form-builder__submit submit-type-ajax\" type=\"submit\">Gerar Requerimento PDF<\/button>\n\t<\/div>\n\t\n<\/div>\n\n\n<p><\/p>\n\t<div class=\"jet-form-builder-messages-wrap\" data-form-id=\"2048\"><\/div>\n<\/form>\n\t\t\t\t<\/div>\n\t\t\t\t<\/div>\n\t\t\t\t\t<\/div>\n\t\t\t\t<\/div>\n\t\t\t\t<\/div>\n\t\t","protected":false},"excerpt":{"rendered":"<p>REQUERIMENTO DE AUXILIO FUNERAL Nome * CPF * E-mail * Celular * Grau de Parentesco * Pai M\u00e3e Filho(a) Enteado(a) Companheiro(a) *Outros Informe no campo abaixo os Dados do Servidor Falecido Nome do servidor Falecido: CPF do Falecido Obs.1: Informamos que \u00e9 necess\u00e1rio o encaminhamento de documenta\u00e7\u00e3o pessoal, comprovante de resid\u00eancia recente, digitalizados, anexos a [&hellip;]<\/p>\n","protected":false},"author":1,"featured_media":0,"parent":0,"menu_order":0,"comment_status":"closed","ping_status":"closed","template":"","meta":{"footnotes":""},"class_list":["post-2059","page","type-page","status-publish","hentry"],"_links":{"self":[{"href":"https:\/\/casacivil.trindade.go.gov.br\/index.php?rest_route=\/wp\/v2\/pages\/2059","targetHints":{"allow":["GET"]}}],"collection":[{"href":"https:\/\/casacivil.trindade.go.gov.br\/index.php?rest_route=\/wp\/v2\/pages"}],"about":[{"href":"https:\/\/casacivil.trindade.go.gov.br\/index.php?rest_route=\/wp\/v2\/types\/page"}],"author":[{"embeddable":true,"href":"https:\/\/casacivil.trindade.go.gov.br\/index.php?rest_route=\/wp\/v2\/users\/1"}],"replies":[{"embeddable":true,"href":"https:\/\/casacivil.trindade.go.gov.br\/index.php?rest_route=%2Fwp%2Fv2%2Fcomments&post=2059"}],"version-history":[{"count":16,"href":"https:\/\/casacivil.trindade.go.gov.br\/index.php?rest_route=\/wp\/v2\/pages\/2059\/revisions"}],"predecessor-version":[{"id":7327,"href":"https:\/\/casacivil.trindade.go.gov.br\/index.php?rest_route=\/wp\/v2\/pages\/2059\/revisions\/7327"}],"wp:attachment":[{"href":"https:\/\/casacivil.trindade.go.gov.br\/index.php?rest_route=%2Fwp%2Fv2%2Fmedia&parent=2059"}],"curies":[{"name":"wp","href":"https:\/\/api.w.org\/{rel}","templated":true}]}}